{"id":2,"date":"2015-09-16T04:24:25","date_gmt":"2015-09-16T04:24:25","guid":{"rendered":"http:\/\/wp431m.a10-52-158-154.qa.plesk.ru\/wordpress\/?page_id=2"},"modified":"2024-07-10T20:35:25","modified_gmt":"2024-07-10T20:35:25","slug":"juventude-em-jogo","status":"publish","type":"page","link":"https:\/\/futebol.divergente.pt\/en\/","title":{"rendered":"Youth in Play"},"content":{"rendered":"&nbsp;<\/p>\n\n\n[aesop_chapter title=&#8221;Youth in Play&#8221; subtitle=&#8221;Portugal is the main port of entry into Europe for underage footballers originating from Africa and Latin America.&#8221; bgtype=&#8221;img&#8221; full=&#8221;on&#8221; img=&#8221;https:\/\/futebol.divergente.pt\/wp-content\/uploads\/2019\/03\/foto-entrada_logos3.jpg&#8221; bgcolor=&#8221;#888888&#8243;]\n<p style=\"text-align: left;\">Francisco, Cassiano and Valentine share a passion for football. They came from Guinea-Bissau, Brazil and Nigeria with a dream of playing for one of the big European clubs. Although FIFA prohibits clubs from hiring players under the age of 18, their stories tell us how there can be many exceptions to a rule.<\/p>\n<p style=\"font-size: 13px; line-height: 22px; text-align: center;\">Text&nbsp;<strong>Sofia da Palma Rodrigues<\/strong> Data analysis&nbsp;<strong>Sara Moreira<\/strong> Photography and video <strong>Diogo Cardoso<\/strong>, <strong>Ricardo Ven\u00e2ncio Lopes<\/strong> Images&nbsp;<strong>Nogueira Lopes<\/strong> Infographics&nbsp;<strong>Elisabete Monteiro, Tiago Dias<\/strong> Translation <strong>Sandra Young<\/strong>, <strong>Felicity Pearce <\/strong> Subtitling <strong>Cristina Pinheiro<\/strong><\/p>\n[aesop_collection collection=&#8221;6&#8243; limit=&#8221;3&#8243; columns=&#8221;3&#8243; splash=&#8221;off&#8221;]\n[aesop_collection collection=&#8221;7&#8243; limit=&#8221;2&#8243; columns=&#8221;2&#8243; splash=&#8221;off&#8221;]","protected":false},"excerpt":{"rendered":"<p>&nbsp; [aesop_chapter title=&#8221;Youth in Play&#8221; subtitle=&#8221;Portugal is the main port of entry into Europe for underage footballers originating from Africa and Latin America.&#8221; bgtype=&#8221;img&#8221; full=&#8221;on&#8221; img=&#8221;https:\/\/futebol.divergente.pt\/wp-content\/uploads\/2019\/03\/foto-entrada_logos3.jpg&#8221; bgcolor=&#8221;#888888&#8243;] Francisco, Cassiano and Valentine share a passion for football. They came from Guinea-Bissau, Brazil and Nigeria with a dream of playing for one of the big European clubs. [&hellip;]<\/p>\n","protected":false},"author":1,"featured_media":1304,"parent":0,"menu_order":0,"comment_status":"closed","ping_status":"open","template":"","meta":[],"yoast_head":"<!-- This site is optimized with the Yoast SEO plugin v20.9 - https:\/\/yoast.com\/wordpress\/plugins\/seo\/ -->\n<title>Futebol: juventude em Jogo\u00a0<\/title>\n<meta name=\"description\" content=\"Existem 294 jogadores de futebol, oriundos de \u00c1frica e da Am\u00e9rica Latina, que chegaram \u00e0 Europa com menos de 18 anos. A maioria chega a Portugal.\" \/>\n<meta name=\"robots\" content=\"index, follow, max-snippet:-1, max-image-preview:large, max-video-preview:-1\" \/>\n<link rel=\"canonical\" href=\"https:\/\/futebol.divergente.pt\/\" \/>\n<meta property=\"og:locale\" content=\"en_US\" \/>\n<meta property=\"og:type\" content=\"article\" \/>\n<meta property=\"og:title\" content=\"Juventude em Jogo\" \/>\n<meta property=\"og:description\" content=\"Portugal \u00e9 a principal porta de entrada na Europa para jogadores de futebol menores vindos de \u00c1frica e da Am\u00e9rica Latina.\" \/>\n<meta property=\"og:url\" content=\"https:\/\/futebol.divergente.pt\/\" \/>\n<meta property=\"og:site_name\" content=\"Youth in Play\" \/>\n<meta property=\"article:publisher\" content=\"https:\/\/www.facebook.com\/divergenteBBS\/\" \/>\n<meta property=\"article:modified_time\" content=\"2024-07-10T20:35:25+00:00\" \/>\n<meta property=\"og:image\" content=\"https:\/\/futebol.divergente.pt\/wp-content\/uploads\/2019\/03\/54430329_2105512112877124_2488527665032593408_o.jpg\" \/>\n\t<meta property=\"og:image:width\" content=\"2048\" \/>\n\t<meta property=\"og:image:height\" content=\"1144\" \/>\n\t<meta property=\"og:image:type\" content=\"image\/jpeg\" \/>\n<meta name=\"twitter:card\" content=\"summary_large_image\" \/>\n<meta name=\"twitter:title\" content=\"Juventude em Jogo #GameOn\" \/>\n<meta name=\"twitter:description\" content=\"Portugal \u00e9 a principal porta de entrada na Europa para jogadores de futebol menores vindos de \u00c1frica e da Am\u00e9rica Latina.\" \/>\n<meta name=\"twitter:image\" content=\"https:\/\/futebol.divergente.pt\/wp-content\/uploads\/2019\/03\/54430329_2105512112877124_2488527665032593408_o.jpg\" \/>\n<meta name=\"twitter:site\" content=\"@divergenteBBS\" \/>\n<meta name=\"twitter:label1\" content=\"Est. reading time\" \/>\n\t<meta name=\"twitter:data1\" content=\"2 minutes\" \/>\n<script type=\"application\/ld+json\" class=\"yoast-schema-graph\">{\"@context\":\"https:\/\/schema.org\",\"@graph\":[{\"@type\":\"WebPage\",\"@id\":\"https:\/\/futebol.divergente.pt\/\",\"url\":\"https:\/\/futebol.divergente.pt\/\",\"name\":\"[:pt]Futebol: Juventude em Jogo\u00a0| DIVERGENTE[:en]Futebol: juventude em Jogo\u00a0[:]\",\"isPartOf\":{\"@id\":\"https:\/\/futebol.divergente.pt\/#website\"},\"datePublished\":\"2015-09-16T04:24:25+00:00\",\"dateModified\":\"2024-07-10T20:35:25+00:00\",\"description\":\"{:pt}Portugal \u00e9 o pa\u00eds que mais recebe jogadores menores vindos de \u00c1frica e da Am\u00e9rica Latina. Empres\u00e1rios de futebol est\u00e3o relacionados com tr\u00e1fico de pessoas.{:en}Existem 294 jogadores de futebol, oriundos de \u00c1frica e da Am\u00e9rica Latina, que chegaram \u00e0 Europa com menos de 18 anos. A maioria chega a Portugal.{:}\",\"breadcrumb\":{\"@id\":\"https:\/\/futebol.divergente.pt\/#breadcrumb\"},\"inLanguage\":\"en-US\",\"potentialAction\":[{\"@type\":\"ReadAction\",\"target\":[\"https:\/\/futebol.divergente.pt\/\"]}]},{\"@type\":\"BreadcrumbList\",\"@id\":\"https:\/\/futebol.divergente.pt\/#breadcrumb\",\"itemListElement\":[{\"@type\":\"ListItem\",\"position\":1,\"name\":\"Home\",\"item\":\"https:\/\/futebol.divergente.pt\/\"},{\"@type\":\"ListItem\",\"position\":2,\"name\":\"Juventude em Jogo\"}]},{\"@type\":\"WebSite\",\"@id\":\"https:\/\/futebol.divergente.pt\/#website\",\"url\":\"https:\/\/futebol.divergente.pt\/\",\"name\":\"Youth in Play\",\"description\":\"\",\"potentialAction\":[{\"@type\":\"SearchAction\",\"target\":{\"@type\":\"EntryPoint\",\"urlTemplate\":\"https:\/\/futebol.divergente.pt\/?s={search_term_string}\"},\"query-input\":\"required name=search_term_string\"}],\"inLanguage\":\"en-US\"}]}<\/script>\n<!-- \/ Yoast SEO plugin. -->","yoast_head_json":{"title":"Futebol: juventude em Jogo\u00a0","description":"Existem 294 jogadores de futebol, oriundos de \u00c1frica e da Am\u00e9rica Latina, que chegaram \u00e0 Europa com menos de 18 anos. A maioria chega a Portugal.","robots":{"index":"index","follow":"follow","max-snippet":"max-snippet:-1","max-image-preview":"max-image-preview:large","max-video-preview":"max-video-preview:-1"},"canonical":"https:\/\/futebol.divergente.pt\/","og_locale":"en_US","og_type":"article","og_title":"Juventude em Jogo","og_description":"Portugal \u00e9 a principal porta de entrada na Europa para jogadores de futebol menores vindos de \u00c1frica e da Am\u00e9rica Latina.","og_url":"https:\/\/futebol.divergente.pt\/","og_site_name":"Youth in Play","article_publisher":"https:\/\/www.facebook.com\/divergenteBBS\/","article_modified_time":"2024-07-10T20:35:25+00:00","og_image":[{"width":2048,"height":1144,"url":"https:\/\/futebol.divergente.pt\/wp-content\/uploads\/2019\/03\/54430329_2105512112877124_2488527665032593408_o.jpg","type":"image\/jpeg"}],"twitter_card":"summary_large_image","twitter_title":"Juventude em Jogo #GameOn","twitter_description":"Portugal \u00e9 a principal porta de entrada na Europa para jogadores de futebol menores vindos de \u00c1frica e da Am\u00e9rica Latina.","twitter_image":"https:\/\/futebol.divergente.pt\/wp-content\/uploads\/2019\/03\/54430329_2105512112877124_2488527665032593408_o.jpg","twitter_site":"@divergenteBBS","twitter_misc":{"Est. reading time":"2 minutes"},"schema":{"@context":"https:\/\/schema.org","@graph":[{"@type":"WebPage","@id":"https:\/\/futebol.divergente.pt\/","url":"https:\/\/futebol.divergente.pt\/","name":"[:pt]Futebol: Juventude em Jogo\u00a0| DIVERGENTE[:en]Futebol: juventude em Jogo\u00a0[:]","isPartOf":{"@id":"https:\/\/futebol.divergente.pt\/#website"},"datePublished":"2015-09-16T04:24:25+00:00","dateModified":"2024-07-10T20:35:25+00:00","description":"{:pt}Portugal \u00e9 o pa\u00eds que mais recebe jogadores menores vindos de \u00c1frica e da Am\u00e9rica Latina. Empres\u00e1rios de futebol est\u00e3o relacionados com tr\u00e1fico de pessoas.{:en}Existem 294 jogadores de futebol, oriundos de \u00c1frica e da Am\u00e9rica Latina, que chegaram \u00e0 Europa com menos de 18 anos. A maioria chega a Portugal.{:}","breadcrumb":{"@id":"https:\/\/futebol.divergente.pt\/#breadcrumb"},"inLanguage":"en-US","potentialAction":[{"@type":"ReadAction","target":["https:\/\/futebol.divergente.pt\/"]}]},{"@type":"BreadcrumbList","@id":"https:\/\/futebol.divergente.pt\/#breadcrumb","itemListElement":[{"@type":"ListItem","position":1,"name":"Home","item":"https:\/\/futebol.divergente.pt\/"},{"@type":"ListItem","position":2,"name":"Juventude em Jogo"}]},{"@type":"WebSite","@id":"https:\/\/futebol.divergente.pt\/#website","url":"https:\/\/futebol.divergente.pt\/","name":"Youth in Play","description":"","potentialAction":[{"@type":"SearchAction","target":{"@type":"EntryPoint","urlTemplate":"https:\/\/futebol.divergente.pt\/?s={search_term_string}"},"query-input":"required name=search_term_string"}],"inLanguage":"en-US"}]}},"_links":{"self":[{"href":"https:\/\/futebol.divergente.pt\/en\/wp-json\/wp\/v2\/pages\/2"}],"collection":[{"href":"https:\/\/futebol.divergente.pt\/en\/wp-json\/wp\/v2\/pages"}],"about":[{"href":"https:\/\/futebol.divergente.pt\/en\/wp-json\/wp\/v2\/types\/page"}],"author":[{"embeddable":true,"href":"https:\/\/futebol.divergente.pt\/en\/wp-json\/wp\/v2\/users\/1"}],"replies":[{"embeddable":true,"href":"https:\/\/futebol.divergente.pt\/en\/wp-json\/wp\/v2\/comments?post=2"}],"version-history":[{"count":10,"href":"https:\/\/futebol.divergente.pt\/en\/wp-json\/wp\/v2\/pages\/2\/revisions"}],"predecessor-version":[{"id":1326,"href":"https:\/\/futebol.divergente.pt\/en\/wp-json\/wp\/v2\/pages\/2\/revisions\/1326"}],"wp:featuredmedia":[{"embeddable":true,"href":"https:\/\/futebol.divergente.pt\/en\/wp-json\/wp\/v2\/media\/1304"}],"wp:attachment":[{"href":"https:\/\/futebol.divergente.pt\/en\/wp-json\/wp\/v2\/media?parent=2"}],"curies":[{"name":"wp","href":"https:\/\/api.w.org\/{rel}","templated":true}]}}